{"id":85,"date":"2023-12-08T10:45:39","date_gmt":"2023-12-08T09:45:39","guid":{"rendered":"http:\/\/new.gunnarsonsskog.se:81\/?page_id=85"},"modified":"2023-12-22T10:56:55","modified_gmt":"2023-12-22T09:56:55","slug":"bortforsling","status":"publish","type":"page","link":"https:\/\/gunnarssonsskog.se\/?page_id=85","title":{"rendered":"Bortforsling"},"content":{"rendered":"\n<div class=\"wp-block-columns is-layout-flex wp-container-core-columns-is-layout-9d6595d7 wp-block-columns-is-layout-flex\">\n<div class=\"wp-block-column is-layout-flow wp-block-column-is-layout-flow\">\n<figure class=\"wp-block-image size-large\"><img loading=\"lazy\" decoding=\"async\" width=\"1024\" height=\"768\" src=\"https:\/\/gunnarssonsskog.se\/wp-content\/uploads\/2023\/12\/IMG_5387-1024x768.jpeg\" alt=\"\" class=\"wp-image-30\" srcset=\"https:\/\/gunnarssonsskog.se\/wp-content\/uploads\/2023\/12\/IMG_5387-1024x768.jpeg 1024w, https:\/\/gunnarssonsskog.se\/wp-content\/uploads\/2023\/12\/IMG_5387-300x225.jpeg 300w, https:\/\/gunnarssonsskog.se\/wp-content\/uploads\/2023\/12\/IMG_5387-768x576.jpeg 768w, https:\/\/gunnarssonsskog.se\/wp-content\/uploads\/2023\/12\/IMG_5387-1536x1152.jpeg 1536w, https:\/\/gunnarssonsskog.se\/wp-content\/uploads\/2023\/12\/IMG_5387-2048x1536.jpeg 2048w, https:\/\/gunnarssonsskog.se\/wp-content\/uploads\/2023\/12\/IMG_5387-730x547.jpeg 730w\" sizes=\"auto, (max-width: 1024px) 100vw, 1024px\" \/><\/figure>\n<\/div>\n\n\n\n<div class=\"wp-block-column is-layout-flow wp-block-column-is-layout-flow\">\n<h3 class=\"wp-block-heading\">Kransl\u00e4p<\/h3>\n\n\n\n<p>Med v\u00e5rt kransl\u00e4p kan vi enkelt lasta och transportera ris och stockar men \u00e4ven grus, jord och kompost.<\/p>\n<\/div>\n<\/div>\n\n\n\n<div class=\"wp-block-columns is-layout-flex wp-container-core-columns-is-layout-9d6595d7 wp-block-columns-is-layout-flex\">\n<div class=\"wp-block-column is-layout-flow wp-block-column-is-layout-flow\">\n<figure class=\"wp-block-image size-large\"><img loading=\"lazy\" decoding=\"async\" width=\"1024\" height=\"768\" src=\"https:\/\/gunnarssonsskog.se\/wp-content\/uploads\/2023\/12\/IMG_5314-1024x768.jpeg\" alt=\"\" class=\"wp-image-28\" srcset=\"https:\/\/gunnarssonsskog.se\/wp-content\/uploads\/2023\/12\/IMG_5314-1024x768.jpeg 1024w, https:\/\/gunnarssonsskog.se\/wp-content\/uploads\/2023\/12\/IMG_5314-300x225.jpeg 300w, https:\/\/gunnarssonsskog.se\/wp-content\/uploads\/2023\/12\/IMG_5314-768x576.jpeg 768w, https:\/\/gunnarssonsskog.se\/wp-content\/uploads\/2023\/12\/IMG_5314-1536x1152.jpeg 1536w, https:\/\/gunnarssonsskog.se\/wp-content\/uploads\/2023\/12\/IMG_5314-2048x1536.jpeg 2048w, https:\/\/gunnarssonsskog.se\/wp-content\/uploads\/2023\/12\/IMG_5314-730x547.jpeg 730w\" sizes=\"auto, (max-width: 1024px) 100vw, 1024px\" \/><\/figure>\n<\/div>\n\n\n\n<div class=\"wp-block-column is-layout-flow wp-block-column-is-layout-flow\">\n<figure class=\"wp-block-image size-large\"><img loading=\"lazy\" decoding=\"async\" width=\"1024\" height=\"768\" src=\"https:\/\/gunnarssonsskog.se\/wp-content\/uploads\/2023\/12\/IMG_5372-1024x768.jpeg\" alt=\"\" class=\"wp-image-29\" srcset=\"https:\/\/gunnarssonsskog.se\/wp-content\/uploads\/2023\/12\/IMG_5372-1024x768.jpeg 1024w, https:\/\/gunnarssonsskog.se\/wp-content\/uploads\/2023\/12\/IMG_5372-300x225.jpeg 300w, https:\/\/gunnarssonsskog.se\/wp-content\/uploads\/2023\/12\/IMG_5372-768x576.jpeg 768w, https:\/\/gunnarssonsskog.se\/wp-content\/uploads\/2023\/12\/IMG_5372-1536x1152.jpeg 1536w, https:\/\/gunnarssonsskog.se\/wp-content\/uploads\/2023\/12\/IMG_5372-2048x1536.jpeg 2048w, https:\/\/gunnarssonsskog.se\/wp-content\/uploads\/2023\/12\/IMG_5372-730x547.jpeg 730w\" sizes=\"auto, (max-width: 1024px) 100vw, 1024px\" \/><\/figure>\n<\/div>\n<\/div>\n","protected":false},"excerpt":{"rendered":"<p>Kransl\u00e4p Med v\u00e5rt kransl\u00e4p kan vi enkelt lasta och transportera ris och stockar men \u00e4ven grus, jord och kompost.<\/p>\n","protected":false},"author":1,"featured_media":0,"parent":0,"menu_order":0,"comment_status":"closed","ping_status":"closed","template":"","meta":{"footnotes":""},"class_list":["post-85","page","type-page","status-publish","hentry"],"_links":{"self":[{"href":"https:\/\/gunnarssonsskog.se\/index.php?rest_route=\/wp\/v2\/pages\/85","targetHints":{"allow":["GET"]}}],"collection":[{"href":"https:\/\/gunnarssonsskog.se\/index.php?rest_route=\/wp\/v2\/pages"}],"about":[{"href":"https:\/\/gunnarssonsskog.se\/index.php?rest_route=\/wp\/v2\/types\/page"}],"author":[{"embeddable":true,"href":"https:\/\/gunnarssonsskog.se\/index.php?rest_route=\/wp\/v2\/users\/1"}],"replies":[{"embeddable":true,"href":"https:\/\/gunnarssonsskog.se\/index.php?rest_route=%2Fwp%2Fv2%2Fcomments&post=85"}],"version-history":[{"count":2,"href":"https:\/\/gunnarssonsskog.se\/index.php?rest_route=\/wp\/v2\/pages\/85\/revisions"}],"predecessor-version":[{"id":159,"href":"https:\/\/gunnarssonsskog.se\/index.php?rest_route=\/wp\/v2\/pages\/85\/revisions\/159"}],"wp:attachment":[{"href":"https:\/\/gunnarssonsskog.se\/index.php?rest_route=%2Fwp%2Fv2%2Fmedia&parent=85"}],"curies":[{"name":"wp","href":"https:\/\/api.w.org\/{rel}","templated":true}]}}