{"id":77,"date":"2023-12-07T16:49:12","date_gmt":"2023-12-07T15:49:12","guid":{"rendered":"http:\/\/new.gunnarsonsskog.se:81\/?page_id=77"},"modified":"2025-05-08T08:59:32","modified_gmt":"2025-05-08T06:59:32","slug":"skogsvard","status":"publish","type":"page","link":"https:\/\/gunnarssonsskog.se\/?page_id=77","title":{"rendered":"Skogsv\u00e5rd"},"content":{"rendered":"\n<h2 class=\"wp-block-heading\">Skogsv\u00e5rd<\/h2>\n\n\n\n<h4 class=\"wp-block-heading\">Manuell avverkning<\/h4>\n\n\n\n<div class=\"wp-block-columns is-layout-flex wp-container-core-columns-is-layout-9d6595d7 wp-block-columns-is-layout-flex\">\n<div class=\"wp-block-column is-layout-flow wp-block-column-is-layout-flow\">\n<p>Vi utf\u00f6r manuell skogsavverkning i s\u00f6dra hallan och nordv\u00e4stra sk\u00e5ne. Vi utf\u00f6r allt fr\u00e5n manuell gallring till slutavverkning. Vi erbjuder \u00e4ven skoglig r\u00e5dgivning. Har du n\u00e5gra fr\u00e5gor \u00e4r du v\u00e4lkommen att kontakta oss. <\/p>\n\n\n\n<p>Vi jobbar \u00e4ven i kombination med sk\u00f6rdare eller skotare n\u00e4r det finns behov f\u00f6r det. <\/p>\n\n\n<div class=\"wp-block-image\">\n<figure class=\"aligncenter size-large\"><img loading=\"lazy\" decoding=\"async\" width=\"768\" height=\"1024\" src=\"https:\/\/gunnarssonsskog.se\/wp-content\/uploads\/2023\/12\/IMG_4523-1-768x1024.jpg\" alt=\"Kluvet tr\u00e4d som f\u00e4llts i skogen\" class=\"wp-image-18\" style=\"object-fit:cover\" srcset=\"https:\/\/gunnarssonsskog.se\/wp-content\/uploads\/2023\/12\/IMG_4523-1-768x1024.jpg 768w, https:\/\/gunnarssonsskog.se\/wp-content\/uploads\/2023\/12\/IMG_4523-1-225x300.jpg 225w, https:\/\/gunnarssonsskog.se\/wp-content\/uploads\/2023\/12\/IMG_4523-1-1152x1536.jpg 1152w, https:\/\/gunnarssonsskog.se\/wp-content\/uploads\/2023\/12\/IMG_4523-1-1536x2048.jpg 1536w, https:\/\/gunnarssonsskog.se\/wp-content\/uploads\/2023\/12\/IMG_4523-1-666x888.jpg 666w, https:\/\/gunnarssonsskog.se\/wp-content\/uploads\/2023\/12\/IMG_4523-1-scaled.jpg 1920w\" sizes=\"auto, (max-width: 768px) 100vw, 768px\" \/><\/figure>\n<\/div><\/div>\n\n\n\n<div class=\"wp-block-column is-layout-flow wp-block-column-is-layout-flow\"><div class=\"wp-block-image\">\n<figure class=\"aligncenter size-large\"><img loading=\"lazy\" decoding=\"async\" width=\"768\" height=\"1024\" src=\"https:\/\/gunnarssonsskog.se\/wp-content\/uploads\/2023\/12\/IMG_4438-768x1024.jpg\" alt=\"Stubbe av nyf\u00e4llt tr\u00e4d med motors\u00e5g p\u00e5\" class=\"wp-image-17\" style=\"object-fit:cover\" srcset=\"https:\/\/gunnarssonsskog.se\/wp-content\/uploads\/2023\/12\/IMG_4438-768x1024.jpg 768w, https:\/\/gunnarssonsskog.se\/wp-content\/uploads\/2023\/12\/IMG_4438-225x300.jpg 225w, https:\/\/gunnarssonsskog.se\/wp-content\/uploads\/2023\/12\/IMG_4438-1152x1536.jpg 1152w, https:\/\/gunnarssonsskog.se\/wp-content\/uploads\/2023\/12\/IMG_4438-1536x2048.jpg 1536w, https:\/\/gunnarssonsskog.se\/wp-content\/uploads\/2023\/12\/IMG_4438-666x888.jpg 666w, https:\/\/gunnarssonsskog.se\/wp-content\/uploads\/2023\/12\/IMG_4438-scaled.jpg 1920w\" sizes=\"auto, (max-width: 768px) 100vw, 768px\" \/><\/figure>\n<\/div><\/div>\n<\/div>\n\n\n\n<div class=\"wp-block-columns is-layout-flex wp-container-core-columns-is-layout-9d6595d7 wp-block-columns-is-layout-flex\">\n<div class=\"wp-block-column is-layout-flow wp-block-column-is-layout-flow\" style=\"flex-basis:66.66%\">\n<h2 class=\"wp-block-heading\">Skotning <\/h2>\n\n\n\n<p class=\"has-text-align-left\">Med v\u00e5ra moderna maskiner s\u00e5 jobbar vi snabbt och effektivt med minimal p\u00e5verkan p\u00e5 mark och omgivning. V\u00e5r Alstor 850 som med sin l\u00e5ga vikt och de 8 drivande hjulen kan ta sig fram i k\u00e4nslig mark och \u00f6ver sv\u00e5r\u00e5tkomlig terr\u00e4ng. Transport med v\u00e5ran bilsl\u00e4p g\u00f6r att vi flyttar v\u00e5ran maskin snabbt och enkelt till v\u00e5ra kunder.<\/p>\n\n\n\n<figure class=\"wp-block-image size-large\"><img loading=\"lazy\" decoding=\"async\" width=\"768\" height=\"1024\" src=\"https:\/\/gunnarssonsskog.se\/wp-content\/uploads\/2025\/05\/IMG_2922-2-768x1024.jpg\" alt=\"\" class=\"wp-image-346\" srcset=\"https:\/\/gunnarssonsskog.se\/wp-content\/uploads\/2025\/05\/IMG_2922-2-768x1024.jpg 768w, https:\/\/gunnarssonsskog.se\/wp-content\/uploads\/2025\/05\/IMG_2922-2-225x300.jpg 225w, https:\/\/gunnarssonsskog.se\/wp-content\/uploads\/2025\/05\/IMG_2922-2-1152x1536.jpg 1152w, https:\/\/gunnarssonsskog.se\/wp-content\/uploads\/2025\/05\/IMG_2922-2-666x888.jpg 666w, https:\/\/gunnarssonsskog.se\/wp-content\/uploads\/2025\/05\/IMG_2922-2.jpg 1512w\" sizes=\"auto, (max-width: 768px) 100vw, 768px\" \/><\/figure>\n\n\n\n<h2 class=\"wp-block-heading\">R\u00f6jning<\/h2>\n\n\n\n<p>Vi utf\u00f6r alla former av r\u00f6jning s\u00e5som ungskogsr\u00f6jning, f\u00f6rr\u00f6jning, punktr\u00f6jning och sly\/gr\u00e4s-r\u00f6jning. Alltid med fokus p\u00e5 ett bra resultat och en frisk skog.<\/p>\n\n\n\n<p><\/p>\n<\/div>\n\n\n\n<div class=\"wp-block-column is-layout-flow wp-block-column-is-layout-flow\" style=\"flex-basis:33.33%\"><div class=\"wp-block-image\">\n<figure class=\"aligncenter size-large\"><img loading=\"lazy\" decoding=\"async\" width=\"1024\" height=\"768\" src=\"https:\/\/gunnarssonsskog.se\/wp-content\/uploads\/2025\/05\/IMG_2815-kopia-1024x768.jpg\" alt=\"\" class=\"wp-image-358\" srcset=\"https:\/\/gunnarssonsskog.se\/wp-content\/uploads\/2025\/05\/IMG_2815-kopia-1024x768.jpg 1024w, https:\/\/gunnarssonsskog.se\/wp-content\/uploads\/2025\/05\/IMG_2815-kopia-300x225.jpg 300w, https:\/\/gunnarssonsskog.se\/wp-content\/uploads\/2025\/05\/IMG_2815-kopia-768x576.jpg 768w, https:\/\/gunnarssonsskog.se\/wp-content\/uploads\/2025\/05\/IMG_2815-kopia-1536x1152.jpg 1536w, https:\/\/gunnarssonsskog.se\/wp-content\/uploads\/2025\/05\/IMG_2815-kopia-2048x1536.jpg 2048w, https:\/\/gunnarssonsskog.se\/wp-content\/uploads\/2025\/05\/IMG_2815-kopia-730x547.jpg 730w\" sizes=\"auto, (max-width: 1024px) 100vw, 1024px\" \/><\/figure>\n<\/div><\/div>\n<\/div>\n\n\n\n<h4 class=\"wp-block-heading\"><\/h4>\n","protected":false},"excerpt":{"rendered":"<p>Skogsv\u00e5rd Manuell avverkning Vi utf\u00f6r manuell skogsavverkning i s\u00f6dra hallan och nordv\u00e4stra sk\u00e5ne. Vi utf\u00f6r allt fr\u00e5n manuell gallring till &hellip; <a href=\"https:\/\/gunnarssonsskog.se\/?page_id=77\" class=\"more-link\"><span class=\"more-button\">L\u00e4s mer<span class=\"screen-reader-text\">Skogsv\u00e5rd<\/span><\/span><\/a><\/p>\n","protected":false},"author":1,"featured_media":0,"parent":0,"menu_order":0,"comment_status":"closed","ping_status":"closed","template":"","meta":{"footnotes":""},"class_list":["post-77","page","type-page","status-publish","hentry"],"_links":{"self":[{"href":"https:\/\/gunnarssonsskog.se\/index.php?rest_route=\/wp\/v2\/pages\/77","targetHints":{"allow":["GET"]}}],"collection":[{"href":"https:\/\/gunnarssonsskog.se\/index.php?rest_route=\/wp\/v2\/pages"}],"about":[{"href":"https:\/\/gunnarssonsskog.se\/index.php?rest_route=\/wp\/v2\/types\/page"}],"author":[{"embeddable":true,"href":"https:\/\/gunnarssonsskog.se\/index.php?rest_route=\/wp\/v2\/users\/1"}],"replies":[{"embeddable":true,"href":"https:\/\/gunnarssonsskog.se\/index.php?rest_route=%2Fwp%2Fv2%2Fcomments&post=77"}],"version-history":[{"count":5,"href":"https:\/\/gunnarssonsskog.se\/index.php?rest_route=\/wp\/v2\/pages\/77\/revisions"}],"predecessor-version":[{"id":359,"href":"https:\/\/gunnarssonsskog.se\/index.php?rest_route=\/wp\/v2\/pages\/77\/revisions\/359"}],"wp:attachment":[{"href":"https:\/\/gunnarssonsskog.se\/index.php?rest_route=%2Fwp%2Fv2%2Fmedia&parent=77"}],"curies":[{"name":"wp","href":"https:\/\/api.w.org\/{rel}","templated":true}]}}