{"id":40,"date":"2023-12-07T15:59:19","date_gmt":"2023-12-07T14:59:19","guid":{"rendered":"http:\/\/new.gunnarsonsskog.se:81\/?page_id=40"},"modified":"2025-05-08T08:06:21","modified_gmt":"2025-05-08T06:06:21","slug":"kontakta-oss","status":"publish","type":"page","link":"https:\/\/gunnarssonsskog.se\/?page_id=40","title":{"rendered":"Kontakta oss"},"content":{"rendered":"\n<h2 class=\"wp-block-heading\">Kontakta oss<\/h2>\n\n\n\n<p>Vi \u00e4r h\u00e4r f\u00f6r att hj\u00e4lpa dig<\/p>\n\n\n\n<div class=\"wp-block-columns is-layout-flex wp-container-core-columns-is-layout-9d6595d7 wp-block-columns-is-layout-flex\">\n<div class=\"wp-block-column is-layout-flow wp-block-column-is-layout-flow\"><div class=\"wp-block-image\">\n<figure class=\"aligncenter size-full is-resized\"><img loading=\"lazy\" decoding=\"async\" width=\"968\" height=\"968\" src=\"https:\/\/gunnarssonsskog.se\/wp-content\/uploads\/2023\/12\/fabian.png\" alt=\"\" class=\"wp-image-42\" style=\"width:230px\" srcset=\"https:\/\/gunnarssonsskog.se\/wp-content\/uploads\/2023\/12\/fabian.png 968w, https:\/\/gunnarssonsskog.se\/wp-content\/uploads\/2023\/12\/fabian-300x300.png 300w, https:\/\/gunnarssonsskog.se\/wp-content\/uploads\/2023\/12\/fabian-150x150.png 150w, https:\/\/gunnarssonsskog.se\/wp-content\/uploads\/2023\/12\/fabian-768x768.png 768w, https:\/\/gunnarssonsskog.se\/wp-content\/uploads\/2023\/12\/fabian-100x100.png 100w, https:\/\/gunnarssonsskog.se\/wp-content\/uploads\/2023\/12\/fabian-60x60.png 60w\" sizes=\"auto, (max-width: 968px) 100vw, 968px\" \/><\/figure>\n<\/div>\n\n\n<p class=\"has-text-align-center\"><strong>Fabian Gunnarsson<br><\/strong>Tel: &nbsp; 0766-327360<br>Epost: Fabian@Gunnarssonsskog.se<\/p>\n<\/div>\n\n\n\n<div class=\"wp-block-column is-layout-flow wp-block-column-is-layout-flow\"><div class=\"wp-block-image\">\n<figure class=\"aligncenter size-full is-resized\"><img loading=\"lazy\" decoding=\"async\" width=\"792\" height=\"792\" src=\"https:\/\/gunnarssonsskog.se\/wp-content\/uploads\/2023\/12\/freddy.png\" alt=\"\" class=\"wp-image-41\" style=\"width:230px\" srcset=\"https:\/\/gunnarssonsskog.se\/wp-content\/uploads\/2023\/12\/freddy.png 792w, https:\/\/gunnarssonsskog.se\/wp-content\/uploads\/2023\/12\/freddy-300x300.png 300w, https:\/\/gunnarssonsskog.se\/wp-content\/uploads\/2023\/12\/freddy-150x150.png 150w, https:\/\/gunnarssonsskog.se\/wp-content\/uploads\/2023\/12\/freddy-768x768.png 768w, https:\/\/gunnarssonsskog.se\/wp-content\/uploads\/2023\/12\/freddy-100x100.png 100w, https:\/\/gunnarssonsskog.se\/wp-content\/uploads\/2023\/12\/freddy-60x60.png 60w\" sizes=\"auto, (max-width: 792px) 100vw, 792px\" \/><\/figure>\n<\/div>\n\n\n<p class=\"has-text-align-center\"><strong>Freddy Gunnarsson<br><\/strong>Tel: &nbsp; 0735-067375<br>Freddy@Gunnarssonsskog.se<\/p>\n<\/div>\n<\/div>\n\n\n\n<hr class=\"wp-block-separator has-alpha-channel-opacity is-style-wide\"\/>\n\n\n\n<h4 class=\"wp-block-heading\">Postadress<\/h4>\n\n\n\n<p><strong>Gunnarssons Skog &amp; Tr\u00e4dv\u00e5rd AB<br><\/strong>Stubbhult K\u00f6lverg\u00e5rd 1<br>312 53 Hishult <\/p>\n\n\n\n<p>Org nr: 559096-0257<\/p>\n\n\n\n<hr class=\"wp-block-separator has-alpha-channel-opacity is-style-wide\"\/>\n","protected":false},"excerpt":{"rendered":"<p>Kontakta oss Vi \u00e4r h\u00e4r f\u00f6r att hj\u00e4lpa dig Fabian GunnarssonTel: &nbsp; 0766-327360Epost: Fabian@Gunnarssonsskog.se Freddy GunnarssonTel: &nbsp; 0735-067375Freddy@Gunnarssonsskog.se Postadress Gunnarssons &hellip; <a href=\"https:\/\/gunnarssonsskog.se\/?page_id=40\" class=\"more-link\"><span class=\"more-button\">L\u00e4s mer<span class=\"screen-reader-text\">Kontakta oss<\/span><\/span><\/a><\/p>\n","protected":false},"author":1,"featured_media":0,"parent":0,"menu_order":0,"comment_status":"closed","ping_status":"closed","template":"","meta":{"footnotes":""},"class_list":["post-40","page","type-page","status-publish","hentry"],"_links":{"self":[{"href":"https:\/\/gunnarssonsskog.se\/index.php?rest_route=\/wp\/v2\/pages\/40","targetHints":{"allow":["GET"]}}],"collection":[{"href":"https:\/\/gunnarssonsskog.se\/index.php?rest_route=\/wp\/v2\/pages"}],"about":[{"href":"https:\/\/gunnarssonsskog.se\/index.php?rest_route=\/wp\/v2\/types\/page"}],"author":[{"embeddable":true,"href":"https:\/\/gunnarssonsskog.se\/index.php?rest_route=\/wp\/v2\/users\/1"}],"replies":[{"embeddable":true,"href":"https:\/\/gunnarssonsskog.se\/index.php?rest_route=%2Fwp%2Fv2%2Fcomments&post=40"}],"version-history":[{"count":5,"href":"https:\/\/gunnarssonsskog.se\/index.php?rest_route=\/wp\/v2\/pages\/40\/revisions"}],"predecessor-version":[{"id":336,"href":"https:\/\/gunnarssonsskog.se\/index.php?rest_route=\/wp\/v2\/pages\/40\/revisions\/336"}],"wp:attachment":[{"href":"https:\/\/gunnarssonsskog.se\/index.php?rest_route=%2Fwp%2Fv2%2Fmedia&parent=40"}],"curies":[{"name":"wp","href":"https:\/\/api.w.org\/{rel}","templated":true}]}}