{"id":27,"date":"2023-12-07T15:59:47","date_gmt":"2023-12-07T14:59:47","guid":{"rendered":"http:\/\/new.gunnarsonsskog.se:81\/?page_id=27"},"modified":"2024-01-31T09:37:29","modified_gmt":"2024-01-31T08:37:29","slug":"tradvard","status":"publish","type":"page","link":"https:\/\/gunnarssonsskog.se\/?page_id=27","title":{"rendered":"Tr\u00e4dv\u00e5rd"},"content":{"rendered":"\n<h2 class=\"wp-block-heading\">Tr\u00e4dv\u00e5rd<\/h2>\n\n\n\n<div class=\"wp-block-columns is-layout-flex wp-container-core-columns-is-layout-9d6595d7 wp-block-columns-is-layout-flex\">\n<div class=\"wp-block-column is-layout-flow wp-block-column-is-layout-flow\">\n<p>Har du tr\u00e4d som st\u00e5r f\u00f6r n\u00e4ra huset eller kanske bara ett f\u00e5tal grenar som st\u00e4cker sig \u00f6ver altanen? D\u00e5 \u00e4r kanske en besk\u00e4rning det r\u00e4tta alternativet f\u00f6r just dig. D\u00e5 kan tr\u00e4det st\u00e5 kvar i m\u00e5nga \u00e5r till och samtidigt bli du av med grenarna som st\u00f6r dig. Vi utf\u00f6r besk\u00e4rning p\u00e5 samtliga typer av tr\u00e4d och buskar.<\/p>\n\n\n\n<h4 class=\"wp-block-heading\">Tr\u00e4df\u00e4llning<\/h4>\n\n\n\n<p>Vi utf\u00f6r olika typer av tr\u00e4df\u00e4llning beroende p\u00e5 situation vi f\u00e4ller fr\u00e5n marken eller kl\u00e4ttrar upp i tr\u00e4det och seketionsf\u00e4ller tr\u00e4det om det beh\u00f6vs. Allt beroende p\u00e5 omgivning och situation.<\/p>\n\n\n\n<h4 class=\"wp-block-heading\">Bortforsling\/upparbetning<\/h4>\n\n\n\n<p>Vi har maskiner med l\u00e5gt marktryck som inte l\u00e4mnar skador efter sig och sj\u00e4lvklart hj\u00e4lper vi \u00e4ven till att forsla bort ris och stamdelar om s\u00e5 \u00f6nskas. Vill du beh\u00e5lla stamdelarna s\u00e5 kan vi erbjuda att kapa upp dem till ved.<\/p>\n<\/div>\n\n\n\n<div class=\"wp-block-column is-layout-flow wp-block-column-is-layout-flow\">\n<figure class=\"wp-block-image size-full is-resized\"><img decoding=\"async\" src=\"https:\/\/gunnarssonsskog.se\/wp-content\/uploads\/2024\/01\/IMG_1945.heic\" alt=\"\" class=\"wp-image-240\" style=\"width:246px;height:auto\"\/><\/figure>\n<\/div>\n\n\n\n<div class=\"wp-block-column is-layout-flow wp-block-column-is-layout-flow\">\n<figure class=\"wp-block-image size-full is-resized\"><img decoding=\"async\" src=\"https:\/\/gunnarssonsskog.se\/wp-content\/uploads\/2024\/01\/IMG_1948.heic\" alt=\"\" class=\"wp-image-241\" style=\"width:247px;height:auto\"\/><\/figure>\n<\/div>\n<\/div>\n\n\n\n<h2 class=\"wp-block-heading has-text-color has-background has-link-color wp-elements-98e2dcc2f33d27fd467e38ef26ca9359\" style=\"color:#ffb55b;background-color:#102500\"><\/h2>\n\n\n\n<div class=\"wp-block-columns is-layout-flex wp-container-core-columns-is-layout-9d6595d7 wp-block-columns-is-layout-flex\">\n<div class=\"wp-block-column is-layout-flow wp-block-column-is-layout-flow\">\n<h4 class=\"wp-block-heading\">Arborist<\/h4>\n\n\n\n<p>Vi \u00e4r utbildade och auktoriserade Arborister f\u00f6r att kunna utf\u00f6ra arbetet p\u00e5 ett s\u00e4kert s\u00e4tt f\u00f6r oss sj\u00e4lva f\u00f6r andra och v\u00e5ran omgivning <\/p>\n\n\n\n<p>Vi utf\u00f6r sektionsf\u00e4llning och besk\u00e4rning av tr\u00e4d b\u00e5de hos f\u00f6retag och privatpersoner. Sektionsf\u00e4llning inneb\u00e4r att vi f\u00e4ller tr\u00e4det en liten bit i taget vilket brukar g\u00f6ras n\u00e4r det saknas plats eller m\u00f6jlighet att f\u00e4lla hela tr\u00e4det p\u00e5 ett s\u00e4kert s\u00e4tt. som privatperson har du \u00e4ven m\u00f6jlighet att anv\u00e4nda dig av Rut-avdrag om du har m\u00f6jlighet till detta.<\/p>\n\n\n\n<p>Vi utf\u00f6r \u00e4ven besiktning av tr\u00e4d f\u00f6r att uppt\u00e4cka sjukdomar och skador.<\/p>\n\n\n\n<p><strong><mark style=\"background-color:#ffb414\" class=\"has-inline-color has-black-color\">Du kan f\u00e5 RUT p\u00e5 v\u00e5ra tj\u00e4nster<\/mark><\/strong><\/p>\n<\/div>\n\n\n\n<div class=\"wp-block-column is-layout-flow wp-block-column-is-layout-flow\">\n<figure class=\"wp-block-image size-large is-resized\"><img loading=\"lazy\" decoding=\"async\" width=\"768\" height=\"1024\" src=\"https:\/\/gunnarssonsskog.se\/wp-content\/uploads\/2024\/01\/IMG_2231-768x1024.jpg\" alt=\"\" class=\"wp-image-239\" style=\"width:257px;height:auto\" srcset=\"https:\/\/gunnarssonsskog.se\/wp-content\/uploads\/2024\/01\/IMG_2231-768x1024.jpg 768w, https:\/\/gunnarssonsskog.se\/wp-content\/uploads\/2024\/01\/IMG_2231-225x300.jpg 225w, https:\/\/gunnarssonsskog.se\/wp-content\/uploads\/2024\/01\/IMG_2231-1152x1536.jpg 1152w, https:\/\/gunnarssonsskog.se\/wp-content\/uploads\/2024\/01\/IMG_2231-1536x2048.jpg 1536w, https:\/\/gunnarssonsskog.se\/wp-content\/uploads\/2024\/01\/IMG_2231-666x888.jpg 666w, https:\/\/gunnarssonsskog.se\/wp-content\/uploads\/2024\/01\/IMG_2231-scaled.jpg 1920w\" sizes=\"auto, (max-width: 768px) 100vw, 768px\" \/><\/figure>\n<\/div>\n<\/div>\n","protected":false},"excerpt":{"rendered":"<p>Tr\u00e4dv\u00e5rd Har du tr\u00e4d som st\u00e5r f\u00f6r n\u00e4ra huset eller kanske bara ett f\u00e5tal grenar som st\u00e4cker sig \u00f6ver altanen? &hellip; <a href=\"https:\/\/gunnarssonsskog.se\/?page_id=27\" class=\"more-link\"><span class=\"more-button\">L\u00e4s mer<span class=\"screen-reader-text\">Tr\u00e4dv\u00e5rd<\/span><\/span><\/a><\/p>\n","protected":false},"author":1,"featured_media":0,"parent":0,"menu_order":0,"comment_status":"closed","ping_status":"closed","template":"","meta":{"footnotes":""},"class_list":["post-27","page","type-page","status-publish","hentry"],"_links":{"self":[{"href":"https:\/\/gunnarssonsskog.se\/index.php?rest_route=\/wp\/v2\/pages\/27","targetHints":{"allow":["GET"]}}],"collection":[{"href":"https:\/\/gunnarssonsskog.se\/index.php?rest_route=\/wp\/v2\/pages"}],"about":[{"href":"https:\/\/gunnarssonsskog.se\/index.php?rest_route=\/wp\/v2\/types\/page"}],"author":[{"embeddable":true,"href":"https:\/\/gunnarssonsskog.se\/index.php?rest_route=\/wp\/v2\/users\/1"}],"replies":[{"embeddable":true,"href":"https:\/\/gunnarssonsskog.se\/index.php?rest_route=%2Fwp%2Fv2%2Fcomments&post=27"}],"version-history":[{"count":4,"href":"https:\/\/gunnarssonsskog.se\/index.php?rest_route=\/wp\/v2\/pages\/27\/revisions"}],"predecessor-version":[{"id":281,"href":"https:\/\/gunnarssonsskog.se\/index.php?rest_route=\/wp\/v2\/pages\/27\/revisions\/281"}],"wp:attachment":[{"href":"https:\/\/gunnarssonsskog.se\/index.php?rest_route=%2Fwp%2Fv2%2Fmedia&parent=27"}],"curies":[{"name":"wp","href":"https:\/\/api.w.org\/{rel}","templated":true}]}}